{"id":4817,"date":"2024-08-16T19:07:31","date_gmt":"2024-08-16T11:07:31","guid":{"rendered":"http:\/\/www.legendsports.com\/?page_id=4817"},"modified":"2024-08-16T19:10:44","modified_gmt":"2024-08-16T11:10:44","slug":"privacy-policy","status":"publish","type":"page","link":"https:\/\/www.legendsports.com\/de\/privacy-policy\/","title":{"rendered":"Datenschutzerkl\u00e4rung"},"content":{"rendered":"<div data-elementor-type=\"wp-page\" data-elementor-id=\"4817\" class=\"elementor elementor-4817\" data-elementor-post-type=\"page\">\n\t\t\t\t\t\t<section class=\"elementor-section elementor-top-section elementor-element elementor-element-bf69cc5 elementor-section-boxed elementor-section-height-default elementor-section-height-default\" data-id=\"bf69cc5\" data-element_type=\"section\" data-e-type=\"section\" data-settings=\"{&quot;background_background&quot;:&quot;classic&quot;}\">\n\t\t\t\t\t\t<div class=\"elementor-container elementor-column-gap-default\">\n\t\t\t\t\t<div class=\"elementor-column elementor-col-100 elementor-top-column elementor-element elementor-element-82fcfbd\" data-id=\"82fcfbd\" data-element_type=\"column\" data-e-type=\"column\">\n\t\t\t<div class=\"elementor-widget-wrap elementor-element-populated\">\n\t\t\t\t\t\t<section class=\"elementor-section elementor-inner-section elementor-element elementor-element-a328de8 elementor-section-full_width animated-fast elementor-section-height-default elementor-section-height-default elementor-invisible\" data-id=\"a328de8\" data-element_type=\"section\" data-e-type=\"section\" data-settings=\"{&quot;animation&quot;:&quot;slideInUp&quot;}\">\n\t\t\t\t\t\t<div class=\"elementor-container elementor-column-gap-default\">\n\t\t\t\t\t<div class=\"elementor-column elementor-col-100 elementor-inner-column elementor-element elementor-element-29db59f\" data-id=\"29db59f\" data-element_type=\"column\" data-e-type=\"column\">\n\t\t\t<div class=\"elementor-widget-wrap elementor-element-populated\">\n\t\t\t\t\t\t<div class=\"elementor-element elementor-element-a7f866c elementor-hidden-mobile elementor-widget elementor-widget-heading\" data-id=\"a7f866c\" data-element_type=\"widget\" data-e-type=\"widget\" data-widget_type=\"heading.default\">\n\t\t\t\t<div class=\"elementor-widget-container\">\n\t\t\t\t\t<h2 class=\"elementor-heading-title elementor-size-default\">Datenschutzerkl\u00e4rung<\/h2>\t\t\t\t<\/div>\n\t\t\t\t<\/div>\n\t\t\t\t<div class=\"elementor-element elementor-element-fcb9063 elementor-widget elementor-widget-text-editor\" data-id=\"fcb9063\" data-element_type=\"widget\" data-e-type=\"widget\" data-widget_type=\"text-editor.default\">\n\t\t\t\t<div class=\"elementor-widget-container\">\n\t\t\t\t\t\t\t\t\t<p><span style=\"font-size: 14pt;\">Das Unternehmen respektiert und sch\u00fctzt die pers\u00f6nliche Privatsph\u00e4re aller Nutzer, die den Dienst nutzen. Um Ihnen genauere und personalisiertere Dienstleistungen zur Verf\u00fcgung zu stellen, wird das Unternehmen Ihre personenbezogenen Daten in \u00dcbereinstimmung mit den Bestimmungen dieser Datenschutzrichtlinie verwenden und offenlegen. Dieses Unternehmen wird diese Informationen jedoch mit hoher Sorgfalt und Vorsicht behandeln. Sofern in dieser Datenschutzrichtlinie nichts anderes vorgesehen ist, wird das Unternehmen diese Informationen ohne Ihre vorherige Erlaubnis nicht offenlegen oder Dritten zur Verf\u00fcgung stellen. Das Unternehmen wird diese Datenschutzrichtlinie von Zeit zu Zeit aktualisieren. Wenn Sie der Nutzungsvereinbarung unseres Unternehmens zustimmen, gelten Sie als mit dem gesamten Inhalt dieser Datenschutzrichtlinie einverstanden. Diese Datenschutzerkl\u00e4rung ist ein integraler Bestandteil des Unternehmens&#8217; Service Nutzungsvereinbarung.<\/span><\/p><div><span style=\"font-size: 14pt;\"><strong>1. Anwendungsbereich<\/strong><\/span><\/div><div><span style=\"font-size: 14pt;\">(a) Wenn Sie das Unternehmen registrieren, stellen Sie das Unternehmen&#8217; personenbezogene Registrierungsdaten gem\u00e4\u00df dieser Anforderung;<\/span><\/div><div>\u00a0<\/div><div><span style=\"font-size: 14pt;\">(b) Wenn Sie das Unternehmen verwenden&#8217; s Netzwerkdienste oder das Unternehmen&#8217; Auf unserer Webplattform empf\u00e4ngt und speichert das Unternehmen automatisch Informationen \u00fcber Ihren Browser und Ihren Computer, einschlie\u00dflich, aber nicht einschlie\u00dflich Ihrer IP-Adresse, Browserzugriff, verwendete Sprache, Datum und Uhrzeit, Informationen \u00fcber Hardwarefunktionen und Datens\u00e4tze der Webseite, die Sie ben\u00f6tigen;<\/span><\/div><div><span style=\"font-size: 14pt;\">(c) Personenbezogene Daten der Nutzer, die das Unternehmen \u00fcber Kan\u00e4le von Gesch\u00e4ftspartnern erh\u00e4lt. Sie verstehen und stimmen zu, dass diese Datenschutzrichtlinie nicht auf die folgenden Informationen gilt:<\/span><\/div><div><span style=\"font-size: 14pt;\">(a) Die Keyword-Informationen, die Sie bei der Nutzung des Suchdienstes des Unternehmens eingeben&#8217; s Plattform;<\/span><\/div><div><span style=\"font-size: 14pt;\">(b) Das Unternehmen sammelt Ihre relevanten Informationen und Daten im Unternehmen, einschlie\u00dflich, aber nicht an Aktivit\u00e4ten teilzunehmen, Informationen einzureichen und Details zu bewerten;<\/span><\/div><div><span style=\"font-size: 14pt;\">(c) Das Unternehmen hat gegen Ihr Verhalten Ma\u00dfnahmen ergriffen, die gegen gesetzliche Anforderungen versto\u00dfen oder gegen das Unternehmen versto\u00dfen; S Regeln.<\/span><\/div><div>\u00a0<\/div><div><span style=\"font-size: 14pt;\"><strong>2. Nutzung von Informationen<\/strong><\/span><\/div><div><span style=\"font-size: 14pt;\">(a) Das Unternehmen wird Ihre personenbezogenen Daten nicht an einen nicht verbundenen Dritten zur Verf\u00fcgung stellen, verkaufen, mieten, teilen oder handeln, es sei denn, Sie haben Ihre Erlaubnis im Voraus erhalten oder der Dritte und das Unternehmen (einschlie\u00dflich der Tochtergesellschaften des Unternehmens) individuell oder gemeinsam Ihnen Dienste zur Verf\u00fcgung stellen, und nach dem Ende des Dienstes wird es verboten, auf alle solchen Materialien zuzugreifen, einschlie\u00dflich derjenigen, auf die es zuvor zugreifen konnte.<\/span><\/div><div><span style=\"font-size: 14pt;\">(b) Das Unternehmen erlaubt auch keinem Dritten, Ihre personenbezogenen Daten auf irgendeine Weise zu sammeln, zu bearbeiten, zu verkaufen oder zu verbreiten. Wenn ein Benutzer des Unternehmens&#8217; s Plattform engagiert sich in den oben genannten Aktivit\u00e4ten, sobald festgestellt, hat das Unternehmen das Recht, den Dienstvertrag mit dem Benutzer sofort zu k\u00fcndigen.<\/span><\/div><div><span style=\"font-size: 14pt;\">(c) Zum Zweck des Dienstes an Nutzern kann das Unternehmen Ihre personenbezogenen Daten verwenden, um Ihnen Informationen zur Verf\u00fcgung zu stellen, die Sie interessieren, einschlie\u00dflich, aber nicht beschr\u00e4nkt auf, Ihnen Produkt- und Dienstleistungsinformationen zu senden oder Informationen mit dem Unternehmen zu teilen; Um Ihnen Informationen \u00fcber seine Produkte und Dienstleistungen zu senden (letzteres erfordert Ihre vorherige Zustimmung).<\/span><\/div><div>\u00a0<\/div><div><span style=\"font-size: 14pt;\"><strong>3. Offenlegung von Informationen In folgenden F\u00e4llen wird das Unternehmen Ihre personenbezogenen Daten ganz oder teilweise gem\u00e4\u00df Ihren pers\u00f6nlichen W\u00fcnschen oder den gesetzlichen Bestimmungen offenlegen:<\/strong><\/span><\/div><div>\u00a0<\/div><div><span style=\"font-size: 14pt;\">(a) mit Ihrer vorherigen Einwilligung an Dritte;<\/span><\/div><div><span style=\"font-size: 14pt;\">(b) Um die von Ihnen angeforderten Produkte und Dienstleistungen bereitzustellen, ist es notwendig, Ihre personenbezogenen Daten an Dritte weiterzugeben;<\/span><\/div><div><span style=\"font-size: 14pt;\">c) in \u00dcbereinstimmung mit den einschl\u00e4gigen gesetzlichen Bestimmungen oder den Anforderungen von Verwaltungs- oder Gerichtsorganen an Dritte oder Verwaltungs- oder Gerichtsorgane;<\/span><\/div><div><span style=\"font-size: 14pt;\">(d) Wenn Sie gegen die einschl\u00e4gigen Gesetze und Vorschriften des Landes versto\u00dfen, in dem Sie sich befinden, oder gegen das Unternehmen; Dienstleistungsvereinbarung oder verwandte Regeln, m\u00fcssen Sie sie an Dritte weitergeben;<\/span><\/div><div><span style=\"font-size: 14pt;\">(e) Wenn Sie ein qualifizierter Beschwerdef\u00fchrer f\u00fcr geistiges Eigentum sind und eine Beschwerde eingereicht haben, teilen Sie sie auf Anfrage des Beklagten mit, damit beide Parteien m\u00f6gliche Rechtsstreitigkeiten l\u00f6sen k\u00f6nnen;<\/span><\/div><div><span style=\"font-size: 14pt;\">(f) Bei einer Transaktion, die auf der Plattform des Unternehmens erstellt wurde, hat das Unternehmen das Recht zu entscheiden, dem Benutzer die Kontaktdaten der Gegenpartei der Transaktion usw. zur Verf\u00fcgung zu stellen, um den Abschluss einer Transaktion oder die Beilegung eines Streits zu erleichtern, wenn eine Partei der Transaktion die Transaktionsverpflichtungen erf\u00fcllt oder teilweise erf\u00fcllt.<\/span><\/div><div><span style=\"font-size: 14pt;\">(g) andere Offenlegungen, die das Unternehmen in \u00dcbereinstimmung mit Gesetzen, Vorschriften oder Website-Richtlinien f\u00fcr angemessen h\u00e4lt.<\/span><\/div><div>\u00a0<\/div><div><span style=\"font-size: 14pt;\"><strong>4. Verwendung von Cookies<\/strong><\/span><\/div><div>\u00a0<\/div><div><span style=\"font-size: 14pt;\">(a) Wenn Sie sich nicht weigern, Cookies zu akzeptieren, wird unser Unternehmen Cookies auf Ihrem Computer setzen oder darauf zugreifen, damit Sie sich anmelden oder unsere Plattformdienste oder -funktionen nutzen k\u00f6nnen, die sich auf Cookies verlassen. Das Unternehmen verwendet Cookies, um Ihnen nachdenkliche und personalisierte Dienste, einschlie\u00dflich Werbedienste, bereitzustellen.<\/span><\/div><div><span style=\"font-size: 14pt;\">(b) Sie haben das Recht, Cookies zu akzeptieren oder abzulehnen. Sie k\u00f6nnen die Annahme von Cookies ablehnen, indem Sie Ihre Browsereinstellungen \u00e4ndern. Wenn Sie sich jedoch entscheiden, Cookies abzulehnen, k\u00f6nnen Sie sich m\u00f6glicherweise nicht anmelden oder unsere Webdienste oder Funktionen nutzen, die sich auf Cookies verlassen.<\/span><\/div><div><span style=\"font-size: 14pt;\">(c) Diese Richtlinie gilt f\u00fcr die Informationen, die durch Cookies des Unternehmens erhalten werden.<\/span><\/div><div>\u00a0<\/div><div><span style=\"font-size: 14pt;\"><strong>5. Informationssicherheit<\/strong><\/span><\/div><div>\u00a0<\/div><div><span style=\"font-size: 14pt;\">(a) Das Unternehmenskonto hat Sicherheitsschutzfunktion, bitte bewahren Sie Ihren Benutzernamen und Ihr Passwort richtig. Das Unternehmen wird sicherstellen, dass Ihre Informationen nicht verloren gehen, missbraucht und durch Sicherheitsma\u00dfnahmen wie die Verschl\u00fcsselung von Benutzerpassw\u00f6rtern ver\u00e4ndert werden. Trotz der oben genannten Sicherheitsma\u00dfnahmen beachten Sie bitte, dass es keine &#8220; perfekte Sicherheitsma\u00dfnahmen&#8221; im Informationsnetz.<\/span><\/div><div><span style=\"font-size: 14pt;\">(b) Bei der Nutzung des Unternehmens&#8217; Um Online-Transaktionen durchzuf\u00fchren, m\u00fcssen Sie zwangsl\u00e4ufig die Gegenpartei oder potenzielle Gegenpartei zur Transaktion fragen.<\/span><\/div><div>\u00a0<\/div><div><span style=\"font-size: 14pt;\"><strong>6. \u00c4nderungen dieser Datenschutzrichtlinie<\/strong><\/span><\/div><div>\u00a0<\/div><div><span style=\"font-size: 14pt;\">(a) Wenn wir uns entscheiden, die Datenschutzrichtlinie zu \u00e4ndern, werden wir diese \u00c4nderungen in dieser Richtlinie auf unserer Website ver\u00f6ffentlichen und wo wir dies f\u00fcr angemessen halten, damit Sie verstehen k\u00f6nnen, wie wir Ihre personenbezogenen Daten sammeln und verwenden und wer darauf zugreifen kann und unter welchen Umst\u00e4nden wir diese Informationen offenlegen.<\/span><\/div><div><span style=\"font-size: 14pt;\">(b) Das Unternehmen beh\u00e4lt sich das Recht vor, diese Richtlinie jederzeit zu \u00e4ndern, daher \u00fcberpr\u00fcfen Sie sie bitte h\u00e4ufig. Wenn es wesentliche \u00c4nderungen an dieser Richtlinie gibt, wird das Unternehmen sie durch eine Website-Benachrichtigung benachrichtigen.<\/span><\/div>\t\t\t\t\t\t\t\t<\/div>\n\t\t\t\t<\/div>\n\t\t\t\t\t<\/div>\n\t\t<\/div>\n\t\t\t\t\t<\/div>\n\t\t<\/section>\n\t\t\t\t\t<\/div>\n\t\t<\/div>\n\t\t\t\t\t<\/div>\n\t\t<\/section>\n\t\t\t\t<\/div>","protected":false},"excerpt":{"rendered":"<p>Privacy Policy The company respects and protects the personal privacy of all users who use the service. In order to provide you with more accurate and personalized services, the company will use and disclose your personal information in accordance with the provisions of this Privacy Policy. However, this company will treat this information with a [&hellip;]<\/p>\n","protected":false},"author":1,"featured_media":0,"parent":0,"menu_order":3,"comment_status":"closed","ping_status":"closed","template":"elementor_header_footer","meta":{"_acf_changed":false,"footnotes":""},"class_list":["post-4817","page","type-page","status-publish","hentry"],"acf":[],"_links":{"self":[{"href":"https:\/\/www.legendsports.com\/de\/wp-json\/wp\/v2\/pages\/4817","targetHints":{"allow":["GET"]}}],"collection":[{"href":"https:\/\/www.legendsports.com\/de\/wp-json\/wp\/v2\/pages"}],"about":[{"href":"https:\/\/www.legendsports.com\/de\/wp-json\/wp\/v2\/types\/page"}],"author":[{"embeddable":true,"href":"https:\/\/www.legendsports.com\/de\/wp-json\/wp\/v2\/users\/1"}],"replies":[{"embeddable":true,"href":"https:\/\/www.legendsports.com\/de\/wp-json\/wp\/v2\/comments?post=4817"}],"version-history":[{"count":0,"href":"https:\/\/www.legendsports.com\/de\/wp-json\/wp\/v2\/pages\/4817\/revisions"}],"wp:attachment":[{"href":"https:\/\/www.legendsports.com\/de\/wp-json\/wp\/v2\/media?parent=4817"}],"curies":[{"name":"WP","href":"https:\/\/api.w.org\/{rel}","templated":true}]}}