{"id":4207,"date":"2024-08-07T14:21:16","date_gmt":"2024-08-07T06:21:16","guid":{"rendered":"http:\/\/www.legendsports.com\/?post_type=product&#038;p=4207"},"modified":"2025-09-02T14:07:30","modified_gmt":"2025-09-02T06:07:30","slug":"football-cage","status":"publish","type":"product","link":"https:\/\/www.legendsports.com\/de\/produkt\/football-cage\/","title":{"rendered":"Fu\u00dfball K\u00e4fig"},"content":{"rendered":"","protected":false},"excerpt":{"rendered":"<ul style=\"list-style-type: disc;\">\n<li>Cage Football ist eine neue, modische und dynamische Art zu spielen. Das traditionelle K\u00e4figfu\u00dfballfeld ist ein eingez\u00e4untes Feld mit einer L\u00e4nge von 33 Metern und einer Breite von 22 Metern.<\/li>\n<li>Das von unserem Unternehmen hergestellte Fu\u00dfballfeld QF-ZQ03 wird auf der Grundlage des urspr\u00fcnglichen K\u00e4figfu\u00dfballfeldes verbessert.<\/li>\n<li>Das Design ist neuartiger, mit hoher Sicherheit und starkem Spa\u00df. Es kann den pers\u00f6nlichen F\u00e4higkeiten und Qualit\u00e4ten von Benutzern aller Altersgruppen volles Spiel geben.<\/li>\n<\/ul>\n<p><strong>\u00a0 \u00a0 \u00a0 \u00a0Die Feldgr\u00f6\u00dfe kann entsprechend der tats\u00e4chlichen Gr\u00f6\u00dfe des Einsatzortes angepasst werden.<\/strong><\/p>\n<p>&nbsp;<\/p>","protected":false},"featured_media":4115,"comment_status":"open","ping_status":"closed","template":"","meta":{"_acf_changed":false},"product_brand":[],"product_cat":[15],"product_tag":[],"class_list":{"0":"post-4207","1":"product","2":"type-product","3":"status-publish","4":"has-post-thumbnail","6":"product_cat-cage-football","8":"first","9":"instock","10":"shipping-taxable","11":"product-type-simple"},"acf":[],"_links":{"self":[{"href":"https:\/\/www.legendsports.com\/de\/wp-json\/wp\/v2\/product\/4207","targetHints":{"allow":["GET"]}}],"collection":[{"href":"https:\/\/www.legendsports.com\/de\/wp-json\/wp\/v2\/product"}],"about":[{"href":"https:\/\/www.legendsports.com\/de\/wp-json\/wp\/v2\/types\/product"}],"replies":[{"embeddable":true,"href":"https:\/\/www.legendsports.com\/de\/wp-json\/wp\/v2\/comments?post=4207"}],"wp:featuredmedia":[{"embeddable":true,"href":"https:\/\/www.legendsports.com\/de\/wp-json\/wp\/v2\/media\/4115"}],"wp:attachment":[{"href":"https:\/\/www.legendsports.com\/de\/wp-json\/wp\/v2\/media?parent=4207"}],"wp:term":[{"taxonomy":"product_brand","embeddable":true,"href":"https:\/\/www.legendsports.com\/de\/wp-json\/wp\/v2\/product_brand?post=4207"},{"taxonomy":"product_cat","embeddable":true,"href":"https:\/\/www.legendsports.com\/de\/wp-json\/wp\/v2\/product_cat?post=4207"},{"taxonomy":"product_tag","embeddable":true,"href":"https:\/\/www.legendsports.com\/de\/wp-json\/wp\/v2\/product_tag?post=4207"}],"curies":[{"name":"WP","href":"https:\/\/api.w.org\/{rel}","templated":true}]}}