{"id":4556,"date":"2024-08-09T15:47:45","date_gmt":"2024-08-09T07:47:45","guid":{"rendered":"http:\/\/www.legendsports.com\/?post_type=product&#038;p=4556"},"modified":"2025-09-02T14:10:11","modified_gmt":"2025-09-02T06:10:11","slug":"children-padel-court-pd12","status":"publish","type":"product","link":"https:\/\/www.legendsports.com\/de\/produkt\/children-padel-court-pd12\/","title":{"rendered":"Kinder Padel Court-PD12"},"content":{"rendered":"","protected":false},"excerpt":{"rendered":"<p><strong>Paddle-Tennisplatz speziell f\u00fcr Kinder entwickelt, Gr\u00f6\u00dfe: 10 * 5m<\/strong><\/p>\n<p>Gerichtsgr\u00f6\u00dfe: L\u00e4nge 10m, Breite 5m<br \/>\nStahlstruktur: bester Rohstoff, einzigartige Technologie, Oberfl\u00e4che ist gl\u00e4nzend und glatt<br \/>\nKunstrasen: 12mm H\u00f6he, hohe Qualit\u00e4t<br \/>\nGeh\u00e4rtetes Glas: 12mm Dicke, erf\u00fcllt den europ\u00e4ischen Standard EN12150-1<br \/>\nLED-Licht: 200W Leistung, insgesamt 4 St\u00fcck<\/p>","protected":false},"featured_media":4547,"comment_status":"open","ping_status":"closed","template":"","meta":{"_acf_changed":false},"product_brand":[],"product_cat":[26],"product_tag":[],"class_list":{"0":"post-4556","1":"product","2":"type-product","3":"status-publish","4":"has-post-thumbnail","6":"product_cat-padel-court","8":"first","9":"instock","10":"shipping-taxable","11":"product-type-simple"},"acf":[],"_links":{"self":[{"href":"https:\/\/www.legendsports.com\/de\/wp-json\/wp\/v2\/product\/4556","targetHints":{"allow":["GET"]}}],"collection":[{"href":"https:\/\/www.legendsports.com\/de\/wp-json\/wp\/v2\/product"}],"about":[{"href":"https:\/\/www.legendsports.com\/de\/wp-json\/wp\/v2\/types\/product"}],"replies":[{"embeddable":true,"href":"https:\/\/www.legendsports.com\/de\/wp-json\/wp\/v2\/comments?post=4556"}],"wp:featuredmedia":[{"embeddable":true,"href":"https:\/\/www.legendsports.com\/de\/wp-json\/wp\/v2\/media\/4547"}],"wp:attachment":[{"href":"https:\/\/www.legendsports.com\/de\/wp-json\/wp\/v2\/media?parent=4556"}],"wp:term":[{"taxonomy":"product_brand","embeddable":true,"href":"https:\/\/www.legendsports.com\/de\/wp-json\/wp\/v2\/product_brand?post=4556"},{"taxonomy":"product_cat","embeddable":true,"href":"https:\/\/www.legendsports.com\/de\/wp-json\/wp\/v2\/product_cat?post=4556"},{"taxonomy":"product_tag","embeddable":true,"href":"https:\/\/www.legendsports.com\/de\/wp-json\/wp\/v2\/product_tag?post=4556"}],"curies":[{"name":"WP","href":"https:\/\/api.w.org\/{rel}","templated":true}]}}