{"id":4899,"date":"2024-10-10T16:56:06","date_gmt":"2024-10-10T08:56:06","guid":{"rendered":"http:\/\/www.legendsports.com\/?post_type=product&#038;p=4899"},"modified":"2025-09-02T14:20:48","modified_gmt":"2025-09-02T06:20:48","slug":"squash-court","status":"publish","type":"product","link":"https:\/\/www.legendsports.com\/de\/produkt\/squash-court\/","title":{"rendered":"Squash Court"},"content":{"rendered":"<p><img fetchpriority=\"high\" decoding=\"async\" class=\"alignnone size-full wp-image-4948\" src=\"http:\/\/www.legendsports.com\/wp-content\/uploads\/2024\/10\/squash-detail-1.jpg\" alt=\"\" width=\"1920\" height=\"600\" srcset=\"https:\/\/www.legendsports.com\/wp-content\/uploads\/2024\/10\/squash-detail-1.jpg 1920w, https:\/\/www.legendsports.com\/wp-content\/uploads\/2024\/10\/squash-detail-1-300x94.jpg 300w, https:\/\/www.legendsports.com\/wp-content\/uploads\/2024\/10\/squash-detail-1-1024x320.jpg 1024w, https:\/\/www.legendsports.com\/wp-content\/uploads\/2024\/10\/squash-detail-1-768x240.jpg 768w, https:\/\/www.legendsports.com\/wp-content\/uploads\/2024\/10\/squash-detail-1-1536x480.jpg 1536w, https:\/\/www.legendsports.com\/wp-content\/uploads\/2024\/10\/squash-detail-1-600x188.jpg 600w\" sizes=\"(max-width: 1920px) 100vw, 1920px\" \/><\/p>","protected":false},"excerpt":{"rendered":"<p>Der Squashplatz ist ein geschlossener Innenrechteckiger Raum, 9750 mm lang, 6400 mm breit, mit einer Vorderwand 4570 mm hoch, einer R\u00fcckwand 2130 mm hoch und einer klaren H\u00f6he von nicht weniger als 5600 mm. Er ist in Vorder- und Hinterpl\u00e4tze unterteilt, und der Hinterpl\u00e4tz ist weiter in linke und rechte H\u00e4lfte unterteilt.<\/p>","protected":false},"featured_media":4900,"comment_status":"open","ping_status":"closed","template":"","meta":{"_acf_changed":false},"product_brand":[],"product_cat":[46],"product_tag":[],"class_list":{"0":"post-4899","1":"product","2":"type-product","3":"status-publish","4":"has-post-thumbnail","6":"product_cat-squash-court","8":"first","9":"instock","10":"shipping-taxable","11":"product-type-simple"},"acf":[],"_links":{"self":[{"href":"https:\/\/www.legendsports.com\/de\/wp-json\/wp\/v2\/product\/4899","targetHints":{"allow":["GET"]}}],"collection":[{"href":"https:\/\/www.legendsports.com\/de\/wp-json\/wp\/v2\/product"}],"about":[{"href":"https:\/\/www.legendsports.com\/de\/wp-json\/wp\/v2\/types\/product"}],"replies":[{"embeddable":true,"href":"https:\/\/www.legendsports.com\/de\/wp-json\/wp\/v2\/comments?post=4899"}],"wp:featuredmedia":[{"embeddable":true,"href":"https:\/\/www.legendsports.com\/de\/wp-json\/wp\/v2\/media\/4900"}],"wp:attachment":[{"href":"https:\/\/www.legendsports.com\/de\/wp-json\/wp\/v2\/media?parent=4899"}],"wp:term":[{"taxonomy":"product_brand","embeddable":true,"href":"https:\/\/www.legendsports.com\/de\/wp-json\/wp\/v2\/product_brand?post=4899"},{"taxonomy":"product_cat","embeddable":true,"href":"https:\/\/www.legendsports.com\/de\/wp-json\/wp\/v2\/product_cat?post=4899"},{"taxonomy":"product_tag","embeddable":true,"href":"https:\/\/www.legendsports.com\/de\/wp-json\/wp\/v2\/product_tag?post=4899"}],"curies":[{"name":"WP","href":"https:\/\/api.w.org\/{rel}","templated":true}]}}