{"id":1111,"date":"2024-07-05T14:53:48","date_gmt":"2024-07-05T06:53:48","guid":{"rendered":"http:\/\/www.legendsports.com\/?post_type=product&#038;p=1111"},"modified":"2025-09-02T14:12:49","modified_gmt":"2025-09-02T06:12:49","slug":"pd04-1-5","status":"publish","type":"product","link":"https:\/\/www.legendsports.com\/es\/product\/pd04-1-5\/","title":{"rendered":"Campo de ca\u00edda individual - pod07"},"content":{"rendered":"<p><img fetchpriority=\"high\" decoding=\"async\" class=\"alignnone wp-image-3691 size-full\" src=\"http:\/\/www.legendsports.com\/wp-content\/uploads\/2024\/07\/07\u8be6\u60c5\u5927\u56fe-1.jpg\" alt=\"\" width=\"1920\" height=\"650\" srcset=\"https:\/\/www.legendsports.com\/wp-content\/uploads\/2024\/07\/07\u8be6\u60c5\u5927\u56fe-1.jpg 1920w, https:\/\/www.legendsports.com\/wp-content\/uploads\/2024\/07\/07\u8be6\u60c5\u5927\u56fe-1-300x102.jpg 300w, https:\/\/www.legendsports.com\/wp-content\/uploads\/2024\/07\/07\u8be6\u60c5\u5927\u56fe-1-1024x347.jpg 1024w, https:\/\/www.legendsports.com\/wp-content\/uploads\/2024\/07\/07\u8be6\u60c5\u5927\u56fe-1-768x260.jpg 768w, https:\/\/www.legendsports.com\/wp-content\/uploads\/2024\/07\/07\u8be6\u60c5\u5927\u56fe-1-1536x520.jpg 1536w, https:\/\/www.legendsports.com\/wp-content\/uploads\/2024\/07\/07\u8be6\u60c5\u5927\u56fe-1-600x203.jpg 600w\" sizes=\"(max-width: 1920px) 100vw, 1920px\" \/><\/p>","protected":false},"excerpt":{"rendered":"<p><strong>20 * 6 m \u00fanica cancha panor\u00e1mica de p\u00e1del, adecuada para 2 jugadores<\/strong><\/p>\n<p>Tama\u00f1o del tribunal: longitud 20m, ancho 6m<br \/>\nEstructura de acero: mejor materia prima, tecnolog\u00eda \u00fanica, superficie es brillante y lisa<br \/>\nc\u00e9sped artificial: 12mm de altura, alta calidad<br \/>\nVidrio templado: espesor de 12mm, cumple con la norma europea EN12150-1<br \/>\nLuz led: potencia de 200W, total 8 piezas<\/p>","protected":false},"featured_media":1106,"comment_status":"open","ping_status":"closed","template":"","meta":{"_acf_changed":false},"product_brand":[],"product_cat":[26],"product_tag":[],"class_list":{"0":"post-1111","1":"product","2":"type-product","3":"status-publish","4":"has-post-thumbnail","6":"product_cat-padel-court","8":"first","9":"instock","10":"shipping-taxable","11":"product-type-simple"},"acf":[],"_links":{"self":[{"href":"https:\/\/www.legendsports.com\/es\/wp-json\/wp\/v2\/product\/1111","targetHints":{"allow":["GET"]}}],"collection":[{"href":"https:\/\/www.legendsports.com\/es\/wp-json\/wp\/v2\/product"}],"about":[{"href":"https:\/\/www.legendsports.com\/es\/wp-json\/wp\/v2\/types\/product"}],"replies":[{"embeddable":true,"href":"https:\/\/www.legendsports.com\/es\/wp-json\/wp\/v2\/comments?post=1111"}],"wp:featuredmedia":[{"embeddable":true,"href":"https:\/\/www.legendsports.com\/es\/wp-json\/wp\/v2\/media\/1106"}],"wp:attachment":[{"href":"https:\/\/www.legendsports.com\/es\/wp-json\/wp\/v2\/media?parent=1111"}],"wp:term":[{"taxonomy":"product_brand","embeddable":true,"href":"https:\/\/www.legendsports.com\/es\/wp-json\/wp\/v2\/product_brand?post=1111"},{"taxonomy":"product_cat","embeddable":true,"href":"https:\/\/www.legendsports.com\/es\/wp-json\/wp\/v2\/product_cat?post=1111"},{"taxonomy":"product_tag","embeddable":true,"href":"https:\/\/www.legendsports.com\/es\/wp-json\/wp\/v2\/product_tag?post=1111"}],"curies":[{"name":"wp","href":"https:\/\/api.w.org\/{rel}","templated":true}]}}