{"id":4207,"date":"2024-08-07T14:21:16","date_gmt":"2024-08-07T06:21:16","guid":{"rendered":"http:\/\/www.legendsports.com\/?post_type=product&#038;p=4207"},"modified":"2025-09-02T14:07:30","modified_gmt":"2025-09-02T06:07:30","slug":"football-cage","status":"publish","type":"product","link":"https:\/\/www.legendsports.com\/es\/product\/football-cage\/","title":{"rendered":"jaula de f\u00fatbol"},"content":{"rendered":"","protected":false},"excerpt":{"rendered":"<ul style=\"list-style-type: disc;\">\n<li>El f\u00fatbol de jaula es una forma nueva, de moda y din\u00e1mica de jugar. El campo de f\u00fatbol de jaula tradicional es un campo vallado con una longitud de 33 metros y una anchura de 22 metros.<\/li>\n<li>El campo de f\u00fatbol QF-ZQ03 producido por nuestra empresa se mejora sobre la base del campo de f\u00fatbol de jaula original.<\/li>\n<li>El dise\u00f1o es m\u00e1s novedoso, con alta seguridad y gran diversi\u00f3n. Puede dar pleno juego a las habilidades y cualidades personales de los usuarios de todas las edades.<\/li>\n<\/ul>\n<p><strong>\u00a0 \u00a0 \u00a0 \u00a0El tama\u00f1o del campo se puede personalizar seg\u00fan el tama\u00f1o real del lugar de uso.<\/strong><\/p>\n<p>&nbsp;<\/p>","protected":false},"featured_media":4115,"comment_status":"open","ping_status":"closed","template":"","meta":{"_acf_changed":false},"product_brand":[],"product_cat":[15],"product_tag":[],"class_list":{"0":"post-4207","1":"product","2":"type-product","3":"status-publish","4":"has-post-thumbnail","6":"product_cat-cage-football","8":"first","9":"instock","10":"shipping-taxable","11":"product-type-simple"},"acf":[],"_links":{"self":[{"href":"https:\/\/www.legendsports.com\/es\/wp-json\/wp\/v2\/product\/4207","targetHints":{"allow":["GET"]}}],"collection":[{"href":"https:\/\/www.legendsports.com\/es\/wp-json\/wp\/v2\/product"}],"about":[{"href":"https:\/\/www.legendsports.com\/es\/wp-json\/wp\/v2\/types\/product"}],"replies":[{"embeddable":true,"href":"https:\/\/www.legendsports.com\/es\/wp-json\/wp\/v2\/comments?post=4207"}],"wp:featuredmedia":[{"embeddable":true,"href":"https:\/\/www.legendsports.com\/es\/wp-json\/wp\/v2\/media\/4115"}],"wp:attachment":[{"href":"https:\/\/www.legendsports.com\/es\/wp-json\/wp\/v2\/media?parent=4207"}],"wp:term":[{"taxonomy":"product_brand","embeddable":true,"href":"https:\/\/www.legendsports.com\/es\/wp-json\/wp\/v2\/product_brand?post=4207"},{"taxonomy":"product_cat","embeddable":true,"href":"https:\/\/www.legendsports.com\/es\/wp-json\/wp\/v2\/product_cat?post=4207"},{"taxonomy":"product_tag","embeddable":true,"href":"https:\/\/www.legendsports.com\/es\/wp-json\/wp\/v2\/product_tag?post=4207"}],"curies":[{"name":"wp","href":"https:\/\/api.w.org\/{rel}","templated":true}]}}