{"id":4556,"date":"2024-08-09T15:47:45","date_gmt":"2024-08-09T07:47:45","guid":{"rendered":"http:\/\/www.legendsports.com\/?post_type=product&#038;p=4556"},"modified":"2025-09-02T14:10:11","modified_gmt":"2025-09-02T06:10:11","slug":"children-padel-court-pd12","status":"publish","type":"product","link":"https:\/\/www.legendsports.com\/es\/product\/children-padel-court-pd12\/","title":{"rendered":"Ni\u00f1os Padel Corte-PD12"},"content":{"rendered":"","protected":false},"excerpt":{"rendered":"<p><strong>Campo de tenis de p\u00e1del especialmente dise\u00f1ado para ni\u00f1os, Tama\u00f1o: 10 * 5m<\/strong><\/p>\n<p>Tama\u00f1o del tribunal: longitud 10m, ancho 5m<br \/>\nEstructura de acero: mejor materia prima, tecnolog\u00eda \u00fanica, superficie es brillante y lisa<br \/>\nc\u00e9sped artificial: 12mm de altura, alta calidad<br \/>\nVidrio templado: espesor de 12mm, cumple con la norma europea EN12150-1<br \/>\nLuz led: potencia de 200W, total 4 piezas<\/p>","protected":false},"featured_media":4547,"comment_status":"open","ping_status":"closed","template":"","meta":{"_acf_changed":false},"product_brand":[],"product_cat":[26],"product_tag":[],"class_list":{"0":"post-4556","1":"product","2":"type-product","3":"status-publish","4":"has-post-thumbnail","6":"product_cat-padel-court","8":"first","9":"instock","10":"shipping-taxable","11":"product-type-simple"},"acf":[],"_links":{"self":[{"href":"https:\/\/www.legendsports.com\/es\/wp-json\/wp\/v2\/product\/4556","targetHints":{"allow":["GET"]}}],"collection":[{"href":"https:\/\/www.legendsports.com\/es\/wp-json\/wp\/v2\/product"}],"about":[{"href":"https:\/\/www.legendsports.com\/es\/wp-json\/wp\/v2\/types\/product"}],"replies":[{"embeddable":true,"href":"https:\/\/www.legendsports.com\/es\/wp-json\/wp\/v2\/comments?post=4556"}],"wp:featuredmedia":[{"embeddable":true,"href":"https:\/\/www.legendsports.com\/es\/wp-json\/wp\/v2\/media\/4547"}],"wp:attachment":[{"href":"https:\/\/www.legendsports.com\/es\/wp-json\/wp\/v2\/media?parent=4556"}],"wp:term":[{"taxonomy":"product_brand","embeddable":true,"href":"https:\/\/www.legendsports.com\/es\/wp-json\/wp\/v2\/product_brand?post=4556"},{"taxonomy":"product_cat","embeddable":true,"href":"https:\/\/www.legendsports.com\/es\/wp-json\/wp\/v2\/product_cat?post=4556"},{"taxonomy":"product_tag","embeddable":true,"href":"https:\/\/www.legendsports.com\/es\/wp-json\/wp\/v2\/product_tag?post=4556"}],"curies":[{"name":"wp","href":"https:\/\/api.w.org\/{rel}","templated":true}]}}