{"id":5548,"date":"2025-07-25T16:49:34","date_gmt":"2025-07-25T08:49:34","guid":{"rendered":"http:\/\/www.legendsports.com\/?post_type=product&#038;p=5548"},"modified":"2025-09-02T14:18:38","modified_gmt":"2025-09-02T06:18:38","slug":"full-panoramic-padel-court-pd10","status":"publish","type":"product","link":"https:\/\/www.legendsports.com\/fr\/produit\/full-panoramic-padel-court-pd10\/","title":{"rendered":"Panoramique complet Padel Court-PD10"},"content":{"rendered":"<p><img fetchpriority=\"high\" decoding=\"async\" class=\"alignnone wp-image-5549\" src=\"http:\/\/www.legendsports.com\/wp-content\/uploads\/2025\/07\/PD10-2-Full-panoramic-padel-court-scaled.jpg\" alt=\"\" width=\"1002\" height=\"800\" srcset=\"https:\/\/www.legendsports.com\/wp-content\/uploads\/2025\/07\/PD10-2-Full-panoramic-padel-court-scaled.jpg 2560w, https:\/\/www.legendsports.com\/wp-content\/uploads\/2025\/07\/PD10-2-Full-panoramic-padel-court-300x240.jpg 300w, https:\/\/www.legendsports.com\/wp-content\/uploads\/2025\/07\/PD10-2-Full-panoramic-padel-court-1024x818.jpg 1024w, https:\/\/www.legendsports.com\/wp-content\/uploads\/2025\/07\/PD10-2-Full-panoramic-padel-court-768x613.jpg 768w, https:\/\/www.legendsports.com\/wp-content\/uploads\/2025\/07\/PD10-2-Full-panoramic-padel-court-1536x1227.jpg 1536w, https:\/\/www.legendsports.com\/wp-content\/uploads\/2025\/07\/PD10-2-Full-panoramic-padel-court-2048x1635.jpg 2048w, https:\/\/www.legendsports.com\/wp-content\/uploads\/2025\/07\/PD10-2-Full-panoramic-padel-court-15x12.jpg 15w, https:\/\/www.legendsports.com\/wp-content\/uploads\/2025\/07\/PD10-2-Full-panoramic-padel-court-600x479.jpg 600w\" sizes=\"(max-width: 1002px) 100vw, 1002px\" \/><\/p>","protected":false},"excerpt":{"rendered":"<p><strong>Cour de tennis de padel panoramique complet-PD10 (pas de piliers d'angle)<\/strong><\/p>\n<p>&nbsp;<\/p>\n<p>Taille du tribunal: Longueur 20m, largeur 10m<br \/>\nStructure en acier: meilleure mati\u00e8re premi\u00e8re, technologie unique, surface est brillante et lisse<br \/>\nGazon artificiel: hauteur 12mm, haute qualit\u00e9<br \/>\nVerre tremp\u00e9: \u00e9paisseur de 12mm, r\u00e9pond \u00e0 la norme europ\u00e9enne EN12150-1<br \/>\nLumi\u00e8re LED: puissance 200W, total 8 pi\u00e8ces<\/p>","protected":false},"featured_media":5550,"comment_status":"open","ping_status":"closed","template":"","meta":{"_acf_changed":false},"product_brand":[],"product_cat":[26],"product_tag":[],"class_list":{"0":"post-5548","1":"product","2":"type-product","3":"status-publish","4":"has-post-thumbnail","6":"product_cat-padel-court","8":"first","9":"instock","10":"shipping-taxable","11":"product-type-simple"},"acf":[],"_links":{"self":[{"href":"https:\/\/www.legendsports.com\/fr\/wp-json\/wp\/v2\/product\/5548","targetHints":{"allow":["GET"]}}],"collection":[{"href":"https:\/\/www.legendsports.com\/fr\/wp-json\/wp\/v2\/product"}],"about":[{"href":"https:\/\/www.legendsports.com\/fr\/wp-json\/wp\/v2\/types\/product"}],"replies":[{"embeddable":true,"href":"https:\/\/www.legendsports.com\/fr\/wp-json\/wp\/v2\/comments?post=5548"}],"wp:featuredmedia":[{"embeddable":true,"href":"https:\/\/www.legendsports.com\/fr\/wp-json\/wp\/v2\/media\/5550"}],"wp:attachment":[{"href":"https:\/\/www.legendsports.com\/fr\/wp-json\/wp\/v2\/media?parent=5548"}],"wp:term":[{"taxonomy":"product_brand","embeddable":true,"href":"https:\/\/www.legendsports.com\/fr\/wp-json\/wp\/v2\/product_brand?post=5548"},{"taxonomy":"product_cat","embeddable":true,"href":"https:\/\/www.legendsports.com\/fr\/wp-json\/wp\/v2\/product_cat?post=5548"},{"taxonomy":"product_tag","embeddable":true,"href":"https:\/\/www.legendsports.com\/fr\/wp-json\/wp\/v2\/product_tag?post=5548"}],"curies":[{"name":"WP","href":"https:\/\/api.w.org\/{rel}","templated":true}]}}