{"id":4817,"date":"2024-08-16T19:07:31","date_gmt":"2024-08-16T11:07:31","guid":{"rendered":"http:\/\/www.legendsports.com\/?page_id=4817"},"modified":"2024-08-16T19:10:44","modified_gmt":"2024-08-16T11:10:44","slug":"privacy-policy","status":"publish","type":"page","link":"https:\/\/www.legendsports.com\/it\/privacy-policy\/","title":{"rendered":"Informativa sulla privacy"},"content":{"rendered":"<div data-elementor-type=\"wp-page\" data-elementor-id=\"4817\" class=\"elementor elementor-4817\" data-elementor-post-type=\"page\">\n\t\t\t\t\t\t<section class=\"elementor-section elementor-top-section elementor-element elementor-element-bf69cc5 elementor-section-boxed elementor-section-height-default elementor-section-height-default\" data-id=\"bf69cc5\" data-element_type=\"section\" data-e-type=\"section\" data-settings=\"{&quot;background_background&quot;:&quot;classic&quot;}\">\n\t\t\t\t\t\t<div class=\"elementor-container elementor-column-gap-default\">\n\t\t\t\t\t<div class=\"elementor-column elementor-col-100 elementor-top-column elementor-element elementor-element-82fcfbd\" data-id=\"82fcfbd\" data-element_type=\"column\" data-e-type=\"column\">\n\t\t\t<div class=\"elementor-widget-wrap elementor-element-populated\">\n\t\t\t\t\t\t<section class=\"elementor-section elementor-inner-section elementor-element elementor-element-a328de8 elementor-section-full_width animated-fast elementor-section-height-default elementor-section-height-default elementor-invisible\" data-id=\"a328de8\" data-element_type=\"section\" data-e-type=\"section\" data-settings=\"{&quot;animation&quot;:&quot;slideInUp&quot;}\">\n\t\t\t\t\t\t<div class=\"elementor-container elementor-column-gap-default\">\n\t\t\t\t\t<div class=\"elementor-column elementor-col-100 elementor-inner-column elementor-element elementor-element-29db59f\" data-id=\"29db59f\" data-element_type=\"column\" data-e-type=\"column\">\n\t\t\t<div class=\"elementor-widget-wrap elementor-element-populated\">\n\t\t\t\t\t\t<div class=\"elementor-element elementor-element-a7f866c elementor-hidden-mobile elementor-widget elementor-widget-heading\" data-id=\"a7f866c\" data-element_type=\"widget\" data-e-type=\"widget\" data-widget_type=\"heading.default\">\n\t\t\t\t<div class=\"elementor-widget-container\">\n\t\t\t\t\t<h2 class=\"elementor-heading-title elementor-size-default\">Informativa sulla privacy<\/h2>\t\t\t\t<\/div>\n\t\t\t\t<\/div>\n\t\t\t\t<div class=\"elementor-element elementor-element-fcb9063 elementor-widget elementor-widget-text-editor\" data-id=\"fcb9063\" data-element_type=\"widget\" data-e-type=\"widget\" data-widget_type=\"text-editor.default\">\n\t\t\t\t<div class=\"elementor-widget-container\">\n\t\t\t\t\t\t\t\t\t<p><span style=\"font-size: 14pt;\">L\u2019azienda rispetta e tutela la privacy personale di tutti gli utenti che utilizzano il servizio. Al fine di fornirti servizi pi\u00f9 accurati e personalizzati, la societ\u00e0 utilizzer\u00e0 e divulger\u00e0 le tue informazioni personali in conformit\u00e0 con le disposizioni della presente Informativa sulla privacy. Tuttavia, questa societ\u00e0 tratter\u00e0 queste informazioni con un alto grado di diligenza e prudenza. Salvo diversamente previsto nella presente Informativa sulla privacy, la Societ\u00e0 non divulger\u00e0 o fornir\u00e0 queste informazioni a terzi senza il tuo previo permesso. La societ\u00e0 aggiorner\u00e0 questa politica sulla privacy di tanto in tanto. Quando accetti il contratto di utilizzo del servizio della nostra azienda, si considera che hai accettato l'intero contenuto della presente politica sulla privacy. Questa politica sulla privacy \u00e8 parte integrante della societ\u00e0&#8217; contratto di utilizzo del servizio.<\/span><\/p><div><span style=\"font-size: 14pt;\"><strong>1. Campo di applicazione<\/strong><\/span><\/div><div><span style=\"font-size: 14pt;\">(a) Quando registri la societ\u00e0, fornisci la societ\u00e0&#8217; informazioni personali di registrazione in conformit\u00e0 con questo requisito;<\/span><\/div><div>\u00a0<\/div><div><span style=\"font-size: 14pt;\">(b) Quando si utilizza la societ\u00e0&#8217; servizi di rete o l'azienda&#8217; S piattaforma web, la societ\u00e0 riceve e registra automaticamente informazioni sul tuo browser e computer, incluso ma non incluso il tuo indirizzo IP, accesso al browser, lingua utilizzata, data e ora, informazioni sulle caratteristiche dell'hardware e registrazioni delle pagine web di cui hai bisogno;<\/span><\/div><div><span style=\"font-size: 14pt;\">(c) Dati personali dell\u2019utente ottenuti dall\u2019azienda da partner commerciali attraverso canali. Comprendi e accetti che la presente Informativa sulla privacy non si applichi alle seguenti informazioni:<\/span><\/div><div><span style=\"font-size: 14pt;\">(a) Le informazioni sulla parola chiave inserite quando si utilizza il servizio di ricerca fornito dall'azienda&#8217; piattaforma s;<\/span><\/div><div><span style=\"font-size: 14pt;\">(b) La Societ\u00e0 raccoglie le informazioni e i dati pertinenti dell'utente all'interno della Societ\u00e0, compresa, ma non la partecipazione alle attivit\u00e0, la presentazione di informazioni e la valutazione dei dettagli;<\/span><\/div><div><span style=\"font-size: 14pt;\">(c) La societ\u00e0 ha adottato misure contro il comportamento dell'utente in violazione dei requisiti legali o in violazione della societ\u00e0; Regole S.<\/span><\/div><div>\u00a0<\/div><div><span style=\"font-size: 14pt;\"><strong>2. Utilizzo delle informazioni<\/strong><\/span><\/div><div><span style=\"font-size: 14pt;\">(a) La societ\u00e0 non fornir\u00e0, vender\u00e0, affitter\u00e0, condivider\u00e0 o scambiar\u00e0 le vostre informazioni personali a terzi non collegati, a meno che non abbiate ottenuto il vostro permesso in anticipo, o la terza parte e la societ\u00e0 (comprese le affiliate della societ\u00e0) individualmente o congiuntamente Fornire servizi, e dopo la fine del servizio, sar\u00e0 vietato accedere a tutti tali materiali, compresi quelli a cui in precedenza era stato in grado di accedere.<\/span><\/div><div><span style=\"font-size: 14pt;\">(b) La societ\u00e0 non consente inoltre a terzi di raccogliere, modificare, vendere o diffondere le vostre informazioni personali con qualsiasi mezzo. Se qualsiasi utente della societ\u00e0&#8217; S piattaforma si impegna nelle attivit\u00e0 di cui sopra, una volta trovato, la societ\u00e0 ha il diritto di risolvere immediatamente il contratto di servizio con l'utente.<\/span><\/div><div><span style=\"font-size: 14pt;\">(c) Al fine di servire gli utenti, la societ\u00e0 pu\u00f2 utilizzare i tuoi dati personali per fornirti informazioni di tuo interesse, tra cui, ma non limitandosi a, inviarti informazioni su prodotti e servizi o condividere informazioni con la societ\u00e0; Per inviarti informazioni sui suoi prodotti e servizi (quest'ultimo richiede il tuo previo consenso).<\/span><\/div><div>\u00a0<\/div><div><span style=\"font-size: 14pt;\"><strong>3. Divulgazione delle informazioni Nei seguenti casi, la societ\u00e0 divulger\u00e0 le vostre informazioni personali in tutto o in parte secondo i vostri desideri personali o le disposizioni della legge:<\/strong><\/span><\/div><div>\u00a0<\/div><div><span style=\"font-size: 14pt;\">(a) con il tuo previo consenso, a terzi;<\/span><\/div><div><span style=\"font-size: 14pt;\">(b) Al fine di fornire i prodotti e servizi che hai richiesto, \u00e8 necessario condividere le tue informazioni personali con terzi;<\/span><\/div><div><span style=\"font-size: 14pt;\">(c) in conformit\u00e0 con le pertinenti disposizioni della legge, o le esigenze delle istituzioni amministrative o giudiziarie, a terzi o istituzioni amministrative o giudiziarie;<\/span><\/div><div><span style=\"font-size: 14pt;\">(d) Se si violano le leggi e i regolamenti pertinenti del paese in cui si trova, o la societ\u00e0&#8217; contratto di servizio o regole correlate, \u00e8 necessario rivelarlo a terzi;<\/span><\/div><div><span style=\"font-size: 14pt;\">(e) Se sei un denunciante qualificato per la propriet\u00e0 intellettuale e hai presentato un reclamo, su richiesta del convenuto, divulgarlo al convenuto in modo che entrambe le parti possano affrontare eventuali controversie sui diritti;<\/span><\/div><div><span style=\"font-size: 14pt;\">(f) In una transazione creata sulla piattaforma della societ\u00e0, se una parte della transazione adempie o adempie parzialmente agli obblighi della transazione e alle richieste di divulgazione di informazioni, la societ\u00e0 ha il diritto di decidere di fornire all'utente le informazioni di contatto della controparte della transazione, ecc. informazioni per facilitare il completamento di una transazione o la risoluzione di una controversia.<\/span><\/div><div><span style=\"font-size: 14pt;\">(g) altre divulgazioni che la Societ\u00e0 ritiene appropriate in conformit\u00e0 con le leggi, i regolamenti o le politiche del sito web.<\/span><\/div><div>\u00a0<\/div><div><span style=\"font-size: 14pt;\"><strong>4. Utilizzo dei cookie<\/strong><\/span><\/div><div>\u00a0<\/div><div><span style=\"font-size: 14pt;\">(a) Se non rifiuti di accettare i cookie, la nostra societ\u00e0 imposter\u00e0 o acceder\u00e0 ai cookie sul tuo computer in modo che tu possa accedere o utilizzare i servizi o le funzioni della nostra piattaforma che si basano sui cookie. La societ\u00e0 utilizza i cookie per fornirti servizi pi\u00f9 attenti e personalizzati, inclusi i servizi promozionali.<\/span><\/div><div><span style=\"font-size: 14pt;\">(b) Hai il diritto di scegliere di accettare o rifiutare i cookie. Puoi rifiutare di accettare i cookie modificando le impostazioni del tuo browser. Tuttavia, se si sceglie di rifiutare i cookie, potrebbe non essere in grado di accedere o utilizzare i nostri servizi web o le funzionalit\u00e0 che si basano sui cookie.<\/span><\/div><div><span style=\"font-size: 14pt;\">(c) Questa politica si applica alle informazioni ottenute tramite i cookie impostati dall\u2019azienda.<\/span><\/div><div>\u00a0<\/div><div><span style=\"font-size: 14pt;\"><strong>5. Sicurezza delle informazioni<\/strong><\/span><\/div><div>\u00a0<\/div><div><span style=\"font-size: 14pt;\">(a) L'account aziendale ha funzione di protezione della sicurezza, si prega di mantenere correttamente il nome utente e le informazioni della password. La societ\u00e0 garantir\u00e0 che le tue informazioni non vengano perse, abusate e alterate attraverso misure di sicurezza come la crittografia delle password utente. Nonostante le misure di sicurezza sopra menzionate, si prega di notare che non ci sono &#8220; misure di sicurezza perfette&#8221; sulla rete di informazione.<\/span><\/div><div><span style=\"font-size: 14pt;\">(b) Quando si utilizza la societ\u00e0&#8217; Per effettuare transazioni online, dovrai inevitabilmente chiedere alla controparte o alla potenziale controparte della transazione.<\/span><\/div><div>\u00a0<\/div><div><span style=\"font-size: 14pt;\"><strong>6. Modifiche alla presente Informativa sulla privacy<\/strong><\/span><\/div><div>\u00a0<\/div><div><span style=\"font-size: 14pt;\">(a) Se decidiamo di modificare l'Informativa sulla privacy, pubblicheremo tali modifiche in questa Informativa, sul nostro sito web e dove riteniamo opportuno in modo che tu possa capire come raccogliamo e utilizziamo le tue informazioni personali e chi pu\u00f2 accedervi, e in quali circostanze divulgheremo queste informazioni.<\/span><\/div><div><span style=\"font-size: 14pt;\">(b) La societ\u00e0 si riserva il diritto di modificare questa politica in qualsiasi momento, quindi si prega di rivederla frequentemente. Se ci sono modifiche importanti a questa politica, la societ\u00e0 lo notificher\u00e0 tramite un avviso sul sito web.<\/span><\/div>\t\t\t\t\t\t\t\t<\/div>\n\t\t\t\t<\/div>\n\t\t\t\t\t<\/div>\n\t\t<\/div>\n\t\t\t\t\t<\/div>\n\t\t<\/section>\n\t\t\t\t\t<\/div>\n\t\t<\/div>\n\t\t\t\t\t<\/div>\n\t\t<\/section>\n\t\t\t\t<\/div>","protected":false},"excerpt":{"rendered":"<p>Privacy Policy The company respects and protects the personal privacy of all users who use the service. In order to provide you with more accurate and personalized services, the company will use and disclose your personal information in accordance with the provisions of this Privacy Policy. However, this company will treat this information with a [&hellip;]<\/p>\n","protected":false},"author":1,"featured_media":0,"parent":0,"menu_order":3,"comment_status":"closed","ping_status":"closed","template":"elementor_header_footer","meta":{"_acf_changed":false,"footnotes":""},"class_list":["post-4817","page","type-page","status-publish","hentry"],"acf":[],"_links":{"self":[{"href":"https:\/\/www.legendsports.com\/it\/wp-json\/wp\/v2\/pages\/4817","targetHints":{"allow":["GET"]}}],"collection":[{"href":"https:\/\/www.legendsports.com\/it\/wp-json\/wp\/v2\/pages"}],"about":[{"href":"https:\/\/www.legendsports.com\/it\/wp-json\/wp\/v2\/types\/page"}],"author":[{"embeddable":true,"href":"https:\/\/www.legendsports.com\/it\/wp-json\/wp\/v2\/users\/1"}],"replies":[{"embeddable":true,"href":"https:\/\/www.legendsports.com\/it\/wp-json\/wp\/v2\/comments?post=4817"}],"version-history":[{"count":0,"href":"https:\/\/www.legendsports.com\/it\/wp-json\/wp\/v2\/pages\/4817\/revisions"}],"wp:attachment":[{"href":"https:\/\/www.legendsports.com\/it\/wp-json\/wp\/v2\/media?parent=4817"}],"curies":[{"name":"WP","href":"https:\/\/api.w.org\/{rel}","templated":true}]}}