{"id":4207,"date":"2024-08-07T14:21:16","date_gmt":"2024-08-07T06:21:16","guid":{"rendered":"http:\/\/www.legendsports.com\/?post_type=product&#038;p=4207"},"modified":"2025-09-02T14:07:30","modified_gmt":"2025-09-02T06:07:30","slug":"football-cage","status":"publish","type":"product","link":"https:\/\/www.legendsports.com\/it\/prodotto\/football-cage\/","title":{"rendered":"gabbia calcio"},"content":{"rendered":"","protected":false},"excerpt":{"rendered":"<ul style=\"list-style-type: disc;\">\n<li>Il calcio in gabbia \u00e8 un modo nuovo, alla moda e dinamico di giocare. Il tradizionale campo da calcio in gabbia \u00e8 un campo recintato con una lunghezza di 33 metri e una larghezza di 22 metri.<\/li>\n<li>Il campo da calcio QF-ZQ03 prodotto dalla nostra azienda \u00e8 migliorato sulla base del campo da calcio in gabbia originale.<\/li>\n<li>Il design \u00e8 pi\u00f9 nuovo, con alta sicurezza e forte divertimento. Pu\u00f2 dare pieno gioco alle abilit\u00e0 personali e alle qualit\u00e0 degli utenti di tutte le et\u00e0.<\/li>\n<\/ul>\n<p><strong>\u00a0 \u00a0 \u00a0 \u00a0La dimensione del campo pu\u00f2 essere personalizzata in base alle dimensioni effettive del luogo di utilizzo.<\/strong><\/p>\n<p>&nbsp;<\/p>","protected":false},"featured_media":4115,"comment_status":"open","ping_status":"closed","template":"","meta":{"_acf_changed":false},"product_brand":[],"product_cat":[15],"product_tag":[],"class_list":{"0":"post-4207","1":"product","2":"type-product","3":"status-publish","4":"has-post-thumbnail","6":"product_cat-cage-football","8":"first","9":"instock","10":"shipping-taxable","11":"product-type-simple"},"acf":[],"_links":{"self":[{"href":"https:\/\/www.legendsports.com\/it\/wp-json\/wp\/v2\/product\/4207","targetHints":{"allow":["GET"]}}],"collection":[{"href":"https:\/\/www.legendsports.com\/it\/wp-json\/wp\/v2\/product"}],"about":[{"href":"https:\/\/www.legendsports.com\/it\/wp-json\/wp\/v2\/types\/product"}],"replies":[{"embeddable":true,"href":"https:\/\/www.legendsports.com\/it\/wp-json\/wp\/v2\/comments?post=4207"}],"wp:featuredmedia":[{"embeddable":true,"href":"https:\/\/www.legendsports.com\/it\/wp-json\/wp\/v2\/media\/4115"}],"wp:attachment":[{"href":"https:\/\/www.legendsports.com\/it\/wp-json\/wp\/v2\/media?parent=4207"}],"wp:term":[{"taxonomy":"product_brand","embeddable":true,"href":"https:\/\/www.legendsports.com\/it\/wp-json\/wp\/v2\/product_brand?post=4207"},{"taxonomy":"product_cat","embeddable":true,"href":"https:\/\/www.legendsports.com\/it\/wp-json\/wp\/v2\/product_cat?post=4207"},{"taxonomy":"product_tag","embeddable":true,"href":"https:\/\/www.legendsports.com\/it\/wp-json\/wp\/v2\/product_tag?post=4207"}],"curies":[{"name":"WP","href":"https:\/\/api.w.org\/{rel}","templated":true}]}}