{"id":4817,"date":"2024-08-16T19:07:31","date_gmt":"2024-08-16T11:07:31","guid":{"rendered":"http:\/\/www.legendsports.com\/?page_id=4817"},"modified":"2024-08-16T19:10:44","modified_gmt":"2024-08-16T11:10:44","slug":"privacy-policy","status":"publish","type":"page","link":"https:\/\/www.legendsports.com\/pt\/privacy-policy\/","title":{"rendered":"Pol\u00edtica de Privacidade"},"content":{"rendered":"<div data-elementor-type=\"wp-page\" data-elementor-id=\"4817\" class=\"elementor elementor-4817\" data-elementor-post-type=\"page\">\n\t\t\t\t\t\t<section class=\"elementor-section elementor-top-section elementor-element elementor-element-bf69cc5 elementor-section-boxed elementor-section-height-default elementor-section-height-default\" data-id=\"bf69cc5\" data-element_type=\"section\" data-e-type=\"section\" data-settings=\"{&quot;background_background&quot;:&quot;classic&quot;}\">\n\t\t\t\t\t\t<div class=\"elementor-container elementor-column-gap-default\">\n\t\t\t\t\t<div class=\"elementor-column elementor-col-100 elementor-top-column elementor-element elementor-element-82fcfbd\" data-id=\"82fcfbd\" data-element_type=\"column\" data-e-type=\"column\">\n\t\t\t<div class=\"elementor-widget-wrap elementor-element-populated\">\n\t\t\t\t\t\t<section class=\"elementor-section elementor-inner-section elementor-element elementor-element-a328de8 elementor-section-full_width animated-fast elementor-section-height-default elementor-section-height-default elementor-invisible\" data-id=\"a328de8\" data-element_type=\"section\" data-e-type=\"section\" data-settings=\"{&quot;animation&quot;:&quot;slideInUp&quot;}\">\n\t\t\t\t\t\t<div class=\"elementor-container elementor-column-gap-default\">\n\t\t\t\t\t<div class=\"elementor-column elementor-col-100 elementor-inner-column elementor-element elementor-element-29db59f\" data-id=\"29db59f\" data-element_type=\"column\" data-e-type=\"column\">\n\t\t\t<div class=\"elementor-widget-wrap elementor-element-populated\">\n\t\t\t\t\t\t<div class=\"elementor-element elementor-element-a7f866c elementor-hidden-mobile elementor-widget elementor-widget-heading\" data-id=\"a7f866c\" data-element_type=\"widget\" data-e-type=\"widget\" data-widget_type=\"heading.default\">\n\t\t\t\t<div class=\"elementor-widget-container\">\n\t\t\t\t\t<h2 class=\"elementor-heading-title elementor-size-default\">Pol\u00edtica de Privacidade<\/h2>\t\t\t\t<\/div>\n\t\t\t\t<\/div>\n\t\t\t\t<div class=\"elementor-element elementor-element-fcb9063 elementor-widget elementor-widget-text-editor\" data-id=\"fcb9063\" data-element_type=\"widget\" data-e-type=\"widget\" data-widget_type=\"text-editor.default\">\n\t\t\t\t<div class=\"elementor-widget-container\">\n\t\t\t\t\t\t\t\t\t<p><span style=\"font-size: 14pt;\">A empresa respeita e protege a privacidade pessoal de todos os usu\u00e1rios que utilizam o servi\u00e7o. Para fornecer servi\u00e7os mais precisos e personalizados, a empresa usar\u00e1 e divulgar\u00e1 sua informa\u00e7\u00e3o pessoal de acordo com as disposi\u00e7\u00f5es desta Pol\u00edtica de Privacidade. No entanto, essa empresa tratar\u00e1 essa informa\u00e7\u00e3o com um alto grau de dilig\u00eancia e prud\u00eancia. Salvo dispor de outra forma nesta Pol\u00edtica de Privacidade, a Companhia n\u00e3o divulgar\u00e1 ou fornecer\u00e1 essa informa\u00e7\u00e3o a terceiros sem sua autoriza\u00e7\u00e3o pr\u00e9via. A empresa atualizar\u00e1 essa pol\u00edtica de privacidade de vez em quando. Quando voc\u00ea concorda com o acordo de uso de servi\u00e7os da nossa empresa, voc\u00ea \u00e9 considerado ter concordado com todo o conte\u00fado desta pol\u00edtica de privacidade. Esta pol\u00edtica de privacidade \u00e9 parte integrante da empresa o acordo de uso de servi\u00e7os.<\/span><\/p><div><span style=\"font-size: 14pt;\"><strong>1. \u00c1mbito de aplica\u00e7\u00e3o<\/strong><\/span><\/div><div><span style=\"font-size: 14pt;\">a) Quando voc\u00ea regista a empresa, voc\u00ea fornece a empresa&#8217; a informa\u00e7\u00e3o de registro pessoal em conformidade com esse requisito;<\/span><\/div><div>\u00a0<\/div><div><span style=\"font-size: 14pt;\">b) Quando voc\u00ea usa a empresa&#8217; s servi\u00e7os de rede ou a empresa&#8217; a plataforma web, a empresa recebe e registra automaticamente informa\u00e7\u00f5es sobre seu navegador e computador, incluindo, mas n\u00e3o incluindo, seu endere\u00e7o IP, acesso ao navegador, linguagem utilizada, data e hora, informa\u00e7\u00f5es sobre funcionalidades de hardware e registros de p\u00e1ginas web que voc\u00ea precisa;<\/span><\/div><div><span style=\"font-size: 14pt;\">c) Dados pessoais de usu\u00e1rio obtidos pela empresa de parceiros de neg\u00f3cios atrav\u00e9s de canais. Voc\u00ea entende e concorda que esta Pol\u00edtica de Privacidade n\u00e3o se aplica \u00e0s seguintes informa\u00e7\u00f5es:<\/span><\/div><div><span style=\"font-size: 14pt;\">a) A informa\u00e7\u00e3o de palavra chave que voc\u00ea introduz quando utiliza o servi\u00e7o de busca fornecido pela empresa&#8217; s plataforma;<\/span><\/div><div><span style=\"font-size: 14pt;\">b) A empresa coleta suas informa\u00e7\u00f5es e dados relevantes na empresa, incluindo, mas n\u00e3o participando em atividades, submetendo informa\u00e7\u00f5es e avaliando detalhes;<\/span><\/div><div><span style=\"font-size: 14pt;\">c) A empresa tomou medidas contra seu comportamento em viola\u00e7\u00e3o de requisitos legais ou em viola\u00e7\u00e3o da empresa&#8217; s regras.<\/span><\/div><div>\u00a0<\/div><div><span style=\"font-size: 14pt;\"><strong>2. Utiliza\u00e7\u00e3o da informa\u00e7\u00e3o<\/strong><\/span><\/div><div><span style=\"font-size: 14pt;\">a) A empresa n\u00e3o fornecer\u00e1, vender\u00e1, aluguer\u00e1, compartilhar\u00e1 ou trocar\u00e1 sua informa\u00e7\u00e3o pessoal a qualquer terceiro n\u00e3o relacionado, a menos que tenha obtido sua autoriza\u00e7\u00e3o antecipada, ou a terceira parte e a empresa (incluindo a s filiais da empresa&#8217;) fornecer\u00e3o-lhe servi\u00e7os individualmente ou conjuntamente, e ap\u00f3s o fim do servi\u00e7o, ser\u00e1 proibido aceder a todos esses materiais, incluindo aqueles que anteriormente tinha sido capaz de aceder.<\/span><\/div><div><span style=\"font-size: 14pt;\">b) A empresa tamb\u00e9m n\u00e3o permite que nenhum terceiro pessoa colete, edite, vende ou dissemine sua informa\u00e7\u00e3o pessoal por nenhum meio. Se algum usu\u00e1rio da empresa a plataforma se envolve nas atividades acima mencionadas, uma vez encontrada, a empresa tem o direito de imediatamente terminar o acordo de servi\u00e7o com o usu\u00e1rio.<\/span><\/div><div><span style=\"font-size: 14pt;\">c) Para servir os usu\u00e1rios, a empresa pode usar sua informa\u00e7\u00e3o pessoal para fornecer-lhe informa\u00e7\u00f5es de interesse para voc\u00ea, incluindo mas n\u00e3o limitadas a enviar-lhe informa\u00e7\u00f5es de produtos e servi\u00e7os, ou compartilhar informa\u00e7\u00f5es com a empresa&#8217; s parceiros para sua conveni\u00eancia Para enviar informa\u00e7\u00f5es sobre seus produtos e servi\u00e7os (este \u00faltimo requer seu consentimento pr\u00e9vio).<\/span><\/div><div>\u00a0<\/div><div><span style=\"font-size: 14pt;\"><strong>3. Divulga\u00e7\u00e3o de informa\u00e7\u00f5es Nos seguintes casos, a empresa divulgar\u00e1 sua informa\u00e7\u00e3o pessoal em todo ou em parte de acordo com seus desejos pessoais ou as disposi\u00e7\u00f5es da lei:<\/strong><\/span><\/div><div>\u00a0<\/div><div><span style=\"font-size: 14pt;\">a) com seu consentimento pr\u00e9vio, a terceiros;<\/span><\/div><div><span style=\"font-size: 14pt;\">b) Para fornecer os produtos e servi\u00e7os que voc\u00ea solicitou, \u00e9 necess\u00e1rio compartilhar sua informa\u00e7\u00e3o pessoal com terceiros;<\/span><\/div><div><span style=\"font-size: 14pt;\">c) De acordo com as disposi\u00e7\u00f5es pertinentes da lei, ou com os requisitos das institui\u00e7\u00f5es administrativas ou judiciais, para terceiros ou institui\u00e7\u00f5es administrativas ou judiciais;<\/span><\/div><div><span style=\"font-size: 14pt;\">d) Se voc\u00ea violar as leis e regulamentos relevantes do pa\u00eds onde est\u00e1 localizado, ou a empresa&#8217; o acordo de servi\u00e7o ou regras conexas, voc\u00ea precisa divulg\u00e1-lo a um terceiro;<\/span><\/div><div><span style=\"font-size: 14pt;\">e) Se voc\u00ea for um queixoso de propriedade intelectual qualificado e apresentar uma queixa, a pedido do respondente, divulga-a ao respondente para que ambas as partes possam lidar com poss\u00edveis disputas de direitos;<\/span><\/div><div><span style=\"font-size: 14pt;\">f) Em uma transac\u00e7\u00e3o criada na plataforma da empresa, se qualquer parte da transac\u00e7\u00e3o cumpre ou cumpre parcialmente as obriga\u00e7\u00f5es de transac\u00e7\u00e3o e os pedidos de divulga\u00e7\u00e3o de informa\u00e7\u00f5es, a empresa tem o direito de decidir fornecer ao usu\u00e1rio a informa\u00e7\u00e3o de contato da contraparte da transac\u00e7\u00e3o, etc. informa\u00e7\u00f5es para facilitar a conclus\u00e3o de uma transac\u00e7\u00e3o ou a resolu\u00e7\u00e3o de uma disputa.<\/span><\/div><div><span style=\"font-size: 14pt;\">g) Outras divulga\u00e7\u00f5es que a Companhia considera adequadas em conformidade com leis, regulamentos ou pol\u00edticas de site.<\/span><\/div><div>\u00a0<\/div><div><span style=\"font-size: 14pt;\"><strong>4. Uso de Cookies<\/strong><\/span><\/div><div>\u00a0<\/div><div><span style=\"font-size: 14pt;\">a) Se voc\u00ea n\u00e3o se recusa a aceitar cookies, nossa empresa colocar\u00e1 cookies no seu computador para que voc\u00ea possa entrar ou usar nossos servi\u00e7os ou fun\u00e7\u00f5es de plataforma que dependem de cookies. A empresa usa cookies para fornecer servi\u00e7os mais pensados e personalizados, incluindo servi\u00e7os promocionais.<\/span><\/div><div><span style=\"font-size: 14pt;\">b) Voc\u00ea tem o direito de escolher aceitar ou rejeitar cookies. Voc\u00ea pode recusar a aceitar cookies modificando suas configura\u00e7\u00f5es de navegador. No entanto, se voc\u00ea escolher recusar cookies, voc\u00ea pode n\u00e3o ser capaz de se inscrever ou usar nossos servi\u00e7os web ou caracter\u00edsticas que dependem de cookies.<\/span><\/div><div><span style=\"font-size: 14pt;\">c) Esta pol\u00edtica se aplicar\u00e1 \u00e0 informa\u00e7\u00e3o obtida atrav\u00e9s de cookies estabelecidos pela empresa.<\/span><\/div><div>\u00a0<\/div><div><span style=\"font-size: 14pt;\"><strong>5. Seguran\u00e7a da Informa\u00e7\u00e3o<\/strong><\/span><\/div><div>\u00a0<\/div><div><span style=\"font-size: 14pt;\">a) A conta da empresa tem uma fun\u00e7\u00e3o de prote\u00e7\u00e3o de seguran\u00e7a, por favor mant\u00e9m seu nome de usu\u00e1rio e informa\u00e7\u00e3o de senha adequadamente. A empresa assegurar\u00e1 que sua informa\u00e7\u00e3o n\u00e3o seja perdida, abusada e alterada atrav\u00e9s de medidas de seguran\u00e7a como a criptografia das senhas do usu\u00e1rio. Apesar das medidas de seguran\u00e7a acima mencionadas, por favor note que n\u00e3o existem &#8220; medidas de seguran\u00e7a perfeitas na rede de informa\u00e7\u00e3o.<\/span><\/div><div><span style=\"font-size: 14pt;\">b) Ao usar a empresa&#8217; s servi\u00e7os de rede para realizar transa\u00e7\u00f5es online, voc\u00ea inevitavelmente ter\u00e1 que perguntar \u00e0 contraparte ou potencial contraparte \u00e0 transa\u00e7\u00e3o.<\/span><\/div><div>\u00a0<\/div><div><span style=\"font-size: 14pt;\"><strong>6. Mudan\u00e7as nessa Pol\u00edtica de Privacidade<\/strong><\/span><\/div><div>\u00a0<\/div><div><span style=\"font-size: 14pt;\">a) Se decidirmos mudar a Pol\u00edtica de Privacidade, postaremos essas mudan\u00e7as nessa Pol\u00edtica, em nosso site e onde consideramos apropriados para que voc\u00eas possam entender como coletamos e utilizarmos sua informa\u00e7\u00e3o pessoal e quem pode acess\u00e1-la, e em que circunst\u00e2ncias vamos divulgar essa informa\u00e7\u00e3o.<\/span><\/div><div><span style=\"font-size: 14pt;\">b) A empresa reserva-se o direito de alterar essa pol\u00edtica em qualquer momento, por isso, por favor revisa-la frequentemente. Se houver grandes mudan\u00e7as nessa pol\u00edtica, a empresa ir\u00e1 notific\u00e1-la atrav\u00e9s de um aviso no site.<\/span><\/div>\t\t\t\t\t\t\t\t<\/div>\n\t\t\t\t<\/div>\n\t\t\t\t\t<\/div>\n\t\t<\/div>\n\t\t\t\t\t<\/div>\n\t\t<\/section>\n\t\t\t\t\t<\/div>\n\t\t<\/div>\n\t\t\t\t\t<\/div>\n\t\t<\/section>\n\t\t\t\t<\/div>","protected":false},"excerpt":{"rendered":"<p>Privacy Policy The company respects and protects the personal privacy of all users who use the service. In order to provide you with more accurate and personalized services, the company will use and disclose your personal information in accordance with the provisions of this Privacy Policy. However, this company will treat this information with a [&hellip;]<\/p>\n","protected":false},"author":1,"featured_media":0,"parent":0,"menu_order":3,"comment_status":"closed","ping_status":"closed","template":"elementor_header_footer","meta":{"_acf_changed":false,"footnotes":""},"class_list":["post-4817","page","type-page","status-publish","hentry"],"acf":[],"_links":{"self":[{"href":"https:\/\/www.legendsports.com\/pt\/wp-json\/wp\/v2\/pages\/4817","targetHints":{"allow":["GET"]}}],"collection":[{"href":"https:\/\/www.legendsports.com\/pt\/wp-json\/wp\/v2\/pages"}],"about":[{"href":"https:\/\/www.legendsports.com\/pt\/wp-json\/wp\/v2\/types\/page"}],"author":[{"embeddable":true,"href":"https:\/\/www.legendsports.com\/pt\/wp-json\/wp\/v2\/users\/1"}],"replies":[{"embeddable":true,"href":"https:\/\/www.legendsports.com\/pt\/wp-json\/wp\/v2\/comments?post=4817"}],"version-history":[{"count":0,"href":"https:\/\/www.legendsports.com\/pt\/wp-json\/wp\/v2\/pages\/4817\/revisions"}],"wp:attachment":[{"href":"https:\/\/www.legendsports.com\/pt\/wp-json\/wp\/v2\/media?parent=4817"}],"curies":[{"name":"wp","href":"https:\/\/api.w.org\/{rel}","templated":true}]}}