{"id":1108,"date":"2024-07-05T14:36:02","date_gmt":"2024-07-05T06:36:02","guid":{"rendered":"http:\/\/www.legendsports.com\/?post_type=product&#038;p=1108"},"modified":"2025-09-02T14:11:45","modified_gmt":"2025-09-02T06:11:45","slug":"pd03","status":"publish","type":"product","link":"https:\/\/www.legendsports.com\/pt\/produto\/pd03\/","title":{"rendered":"Max Pro Panoramic Padel Court-PD03"},"content":{"rendered":"<p><img fetchpriority=\"high\" decoding=\"async\" class=\"alignnone wp-image-3692 size-full\" src=\"http:\/\/www.legendsports.com\/wp-content\/uploads\/2024\/07\/03\u8be6\u60c5\u9875\u5927\u56fe.jpg\" alt=\"\" width=\"1920\" height=\"650\" srcset=\"https:\/\/www.legendsports.com\/wp-content\/uploads\/2024\/07\/03\u8be6\u60c5\u9875\u5927\u56fe.jpg 1920w, https:\/\/www.legendsports.com\/wp-content\/uploads\/2024\/07\/03\u8be6\u60c5\u9875\u5927\u56fe-300x102.jpg 300w, https:\/\/www.legendsports.com\/wp-content\/uploads\/2024\/07\/03\u8be6\u60c5\u9875\u5927\u56fe-1024x347.jpg 1024w, https:\/\/www.legendsports.com\/wp-content\/uploads\/2024\/07\/03\u8be6\u60c5\u9875\u5927\u56fe-768x260.jpg 768w, https:\/\/www.legendsports.com\/wp-content\/uploads\/2024\/07\/03\u8be6\u60c5\u9875\u5927\u56fe-1536x520.jpg 1536w, https:\/\/www.legendsports.com\/wp-content\/uploads\/2024\/07\/03\u8be6\u60c5\u9875\u5927\u56fe-600x203.jpg 600w\" sizes=\"(max-width: 1920px) 100vw, 1920px\" \/><\/p>","protected":false},"excerpt":{"rendered":"<p><strong>A coluna \u00e9 mais grande, mais forte<\/strong><\/p>\n<p>Tamanho do corte:Longitude 20m, largura 10m<br \/>\nEstrutura de a\u00e7o: melhor mat\u00e9ria prima,tecnologia \u00fanica,superf\u00edcie brilhante e suave<br \/>\nTerrit\u00f3rio artificial: altura de 12 mm, alta qualidade<br \/>\nvidro temperado: espessura de 12 mm, satisfaz o padr\u00e3o europeu EN12150-1<br \/>\nluz LED: pot\u00eancia de 200W, total de 8 pcs<\/p>","protected":false},"featured_media":1107,"comment_status":"open","ping_status":"closed","template":"","meta":{"_acf_changed":false},"product_brand":[],"product_cat":[26],"product_tag":[],"class_list":{"0":"post-1108","1":"product","2":"type-product","3":"status-publish","4":"has-post-thumbnail","6":"product_cat-padel-court","8":"first","9":"instock","10":"shipping-taxable","11":"product-type-simple"},"acf":[],"_links":{"self":[{"href":"https:\/\/www.legendsports.com\/pt\/wp-json\/wp\/v2\/product\/1108","targetHints":{"allow":["GET"]}}],"collection":[{"href":"https:\/\/www.legendsports.com\/pt\/wp-json\/wp\/v2\/product"}],"about":[{"href":"https:\/\/www.legendsports.com\/pt\/wp-json\/wp\/v2\/types\/product"}],"replies":[{"embeddable":true,"href":"https:\/\/www.legendsports.com\/pt\/wp-json\/wp\/v2\/comments?post=1108"}],"wp:featuredmedia":[{"embeddable":true,"href":"https:\/\/www.legendsports.com\/pt\/wp-json\/wp\/v2\/media\/1107"}],"wp:attachment":[{"href":"https:\/\/www.legendsports.com\/pt\/wp-json\/wp\/v2\/media?parent=1108"}],"wp:term":[{"taxonomy":"product_brand","embeddable":true,"href":"https:\/\/www.legendsports.com\/pt\/wp-json\/wp\/v2\/product_brand?post=1108"},{"taxonomy":"product_cat","embeddable":true,"href":"https:\/\/www.legendsports.com\/pt\/wp-json\/wp\/v2\/product_cat?post=1108"},{"taxonomy":"product_tag","embeddable":true,"href":"https:\/\/www.legendsports.com\/pt\/wp-json\/wp\/v2\/product_tag?post=1108"}],"curies":[{"name":"wp","href":"https:\/\/api.w.org\/{rel}","templated":true}]}}