{"id":242,"date":"2024-06-19T14:15:02","date_gmt":"2024-06-19T06:15:02","guid":{"rendered":"http:\/\/www.legendsports.com\/?post_type=product&#038;p=242"},"modified":"2025-09-02T14:15:03","modified_gmt":"2025-09-02T06:15:03","slug":"pd04-1","status":"publish","type":"product","link":"https:\/\/www.legendsports.com\/pt\/produto\/pd04-1\/","title":{"rendered":"Classic fallen court -pd01b"},"content":{"rendered":"<p><img fetchpriority=\"high\" decoding=\"async\" class=\"alignnone wp-image-3696\" src=\"http:\/\/www.legendsports.com\/wp-content\/uploads\/2024\/06\/classical-padel-court-300x200.jpg\" alt=\"\" width=\"1920\" height=\"1280\" srcset=\"\" sizes=\"(max-width: 1920px) 100vw, 1920px\" data-srcset=\"\" \/><\/p>","protected":false},"excerpt":{"rendered":"<p><strong>O campo tradicional de t\u00e9nis padr\u00e3o<\/strong><\/p>\n<p>Tamanho do corte:Longitude 20m, largura 10m<br \/>\nEstrutura de a\u00e7o: melhor mat\u00e9ria prima,tecnologia \u00fanica,superf\u00edcie brilhante e suave<br \/>\nTerrit\u00f3rio artificial: altura de 12 mm, alta qualidade<br \/>\nvidro temperado: espessura de 12 mm, satisfaz o padr\u00e3o europeu EN12150-1<br \/>\nluz LED: pot\u00eancia de 200W, total de 8 pcs<\/p>","protected":false},"featured_media":1102,"comment_status":"open","ping_status":"closed","template":"","meta":{"_acf_changed":false},"product_brand":[],"product_cat":[26],"product_tag":[],"class_list":{"0":"post-242","1":"product","2":"type-product","3":"status-publish","4":"has-post-thumbnail","6":"product_cat-padel-court","8":"first","9":"instock","10":"shipping-taxable","11":"product-type-simple"},"acf":[],"_links":{"self":[{"href":"https:\/\/www.legendsports.com\/pt\/wp-json\/wp\/v2\/product\/242","targetHints":{"allow":["GET"]}}],"collection":[{"href":"https:\/\/www.legendsports.com\/pt\/wp-json\/wp\/v2\/product"}],"about":[{"href":"https:\/\/www.legendsports.com\/pt\/wp-json\/wp\/v2\/types\/product"}],"replies":[{"embeddable":true,"href":"https:\/\/www.legendsports.com\/pt\/wp-json\/wp\/v2\/comments?post=242"}],"wp:featuredmedia":[{"embeddable":true,"href":"https:\/\/www.legendsports.com\/pt\/wp-json\/wp\/v2\/media\/1102"}],"wp:attachment":[{"href":"https:\/\/www.legendsports.com\/pt\/wp-json\/wp\/v2\/media?parent=242"}],"wp:term":[{"taxonomy":"product_brand","embeddable":true,"href":"https:\/\/www.legendsports.com\/pt\/wp-json\/wp\/v2\/product_brand?post=242"},{"taxonomy":"product_cat","embeddable":true,"href":"https:\/\/www.legendsports.com\/pt\/wp-json\/wp\/v2\/product_cat?post=242"},{"taxonomy":"product_tag","embeddable":true,"href":"https:\/\/www.legendsports.com\/pt\/wp-json\/wp\/v2\/product_tag?post=242"}],"curies":[{"name":"wp","href":"https:\/\/api.w.org\/{rel}","templated":true}]}}