{"id":4207,"date":"2024-08-07T14:21:16","date_gmt":"2024-08-07T06:21:16","guid":{"rendered":"http:\/\/www.legendsports.com\/?post_type=product&#038;p=4207"},"modified":"2025-09-02T14:07:30","modified_gmt":"2025-09-02T06:07:30","slug":"football-cage","status":"publish","type":"product","link":"https:\/\/www.legendsports.com\/pt\/produto\/football-cage\/","title":{"rendered":"gaiola de futebol"},"content":{"rendered":"","protected":false},"excerpt":{"rendered":"<ul style=\"list-style-type: disc;\">\n<li>Cage football \u00e9 uma nova, moda e din\u00e2mica maneira de jogar. O campo tradicional de futebol da gaiola \u00e9 um campo fechado com um comprimento de 33 metros e um largo de 22 metros.<\/li>\n<li>O campo de futebol QF-ZQ03 produzido pela nossa empresa \u00e9 melhorado com base no campo original de futebol na gaiola.<\/li>\n<li>O design \u00e9 mais novo, com alta seguran\u00e7a e forte divertimento. Pode dar toda a brincadeira \u00e0s habilidades e qualidades pessoais dos usu\u00e1rios de todas as idades.<\/li>\n<\/ul>\n<p><strong>\u00a0 \u00a0 \u00a0 \u00a0O tamanho do campo pode ser personalizado de acordo com o tamanho real do lugar de uso.<\/strong><\/p>\n<p>&nbsp;<\/p>","protected":false},"featured_media":4115,"comment_status":"open","ping_status":"closed","template":"","meta":{"_acf_changed":false},"product_brand":[],"product_cat":[15],"product_tag":[],"class_list":{"0":"post-4207","1":"product","2":"type-product","3":"status-publish","4":"has-post-thumbnail","6":"product_cat-cage-football","8":"first","9":"instock","10":"shipping-taxable","11":"product-type-simple"},"acf":[],"_links":{"self":[{"href":"https:\/\/www.legendsports.com\/pt\/wp-json\/wp\/v2\/product\/4207","targetHints":{"allow":["GET"]}}],"collection":[{"href":"https:\/\/www.legendsports.com\/pt\/wp-json\/wp\/v2\/product"}],"about":[{"href":"https:\/\/www.legendsports.com\/pt\/wp-json\/wp\/v2\/types\/product"}],"replies":[{"embeddable":true,"href":"https:\/\/www.legendsports.com\/pt\/wp-json\/wp\/v2\/comments?post=4207"}],"wp:featuredmedia":[{"embeddable":true,"href":"https:\/\/www.legendsports.com\/pt\/wp-json\/wp\/v2\/media\/4115"}],"wp:attachment":[{"href":"https:\/\/www.legendsports.com\/pt\/wp-json\/wp\/v2\/media?parent=4207"}],"wp:term":[{"taxonomy":"product_brand","embeddable":true,"href":"https:\/\/www.legendsports.com\/pt\/wp-json\/wp\/v2\/product_brand?post=4207"},{"taxonomy":"product_cat","embeddable":true,"href":"https:\/\/www.legendsports.com\/pt\/wp-json\/wp\/v2\/product_cat?post=4207"},{"taxonomy":"product_tag","embeddable":true,"href":"https:\/\/www.legendsports.com\/pt\/wp-json\/wp\/v2\/product_tag?post=4207"}],"curies":[{"name":"wp","href":"https:\/\/api.w.org\/{rel}","templated":true}]}}