{"id":4556,"date":"2024-08-09T15:47:45","date_gmt":"2024-08-09T07:47:45","guid":{"rendered":"http:\/\/www.legendsports.com\/?post_type=product&#038;p=4556"},"modified":"2025-09-02T14:10:11","modified_gmt":"2025-09-02T06:10:11","slug":"children-padel-court-pd12","status":"publish","type":"product","link":"https:\/\/www.legendsports.com\/pt\/produto\/children-padel-court-pd12\/","title":{"rendered":"Children Padel Court-PD12"},"content":{"rendered":"","protected":false},"excerpt":{"rendered":"<p><strong>Paddle tennis court especialmente projetado para crian\u00e7as,Tamanho:10*5m<\/strong><\/p>\n<p>Tamanho do corte:Largura 10m, largura 5m<br \/>\nEstrutura de a\u00e7o: melhor mat\u00e9ria prima,tecnologia \u00fanica,superf\u00edcie brilhante e suave<br \/>\nTerrit\u00f3rio artificial: altura de 12 mm, alta qualidade<br \/>\nvidro temperado: espessura de 12 mm, satisfaz o padr\u00e3o europeu EN12150-1<br \/>\nluz LED: pot\u00eancia de 200W, total de 4 pcs<\/p>","protected":false},"featured_media":4547,"comment_status":"open","ping_status":"closed","template":"","meta":{"_acf_changed":false},"product_brand":[],"product_cat":[26],"product_tag":[],"class_list":{"0":"post-4556","1":"product","2":"type-product","3":"status-publish","4":"has-post-thumbnail","6":"product_cat-padel-court","8":"first","9":"instock","10":"shipping-taxable","11":"product-type-simple"},"acf":[],"_links":{"self":[{"href":"https:\/\/www.legendsports.com\/pt\/wp-json\/wp\/v2\/product\/4556","targetHints":{"allow":["GET"]}}],"collection":[{"href":"https:\/\/www.legendsports.com\/pt\/wp-json\/wp\/v2\/product"}],"about":[{"href":"https:\/\/www.legendsports.com\/pt\/wp-json\/wp\/v2\/types\/product"}],"replies":[{"embeddable":true,"href":"https:\/\/www.legendsports.com\/pt\/wp-json\/wp\/v2\/comments?post=4556"}],"wp:featuredmedia":[{"embeddable":true,"href":"https:\/\/www.legendsports.com\/pt\/wp-json\/wp\/v2\/media\/4547"}],"wp:attachment":[{"href":"https:\/\/www.legendsports.com\/pt\/wp-json\/wp\/v2\/media?parent=4556"}],"wp:term":[{"taxonomy":"product_brand","embeddable":true,"href":"https:\/\/www.legendsports.com\/pt\/wp-json\/wp\/v2\/product_brand?post=4556"},{"taxonomy":"product_cat","embeddable":true,"href":"https:\/\/www.legendsports.com\/pt\/wp-json\/wp\/v2\/product_cat?post=4556"},{"taxonomy":"product_tag","embeddable":true,"href":"https:\/\/www.legendsports.com\/pt\/wp-json\/wp\/v2\/product_tag?post=4556"}],"curies":[{"name":"wp","href":"https:\/\/api.w.org\/{rel}","templated":true}]}}